{"id":6,"date":"2025-07-19T03:20:46","date_gmt":"2025-07-19T03:20:46","guid":{"rendered":"https:\/\/pierre-thibault.com\/?page_id=6"},"modified":"2025-07-19T05:19:43","modified_gmt":"2025-07-19T05:19:43","slug":"one-page-express","status":"publish","type":"page","link":"https:\/\/pierre-thibault.com\/","title":{"rendered":"Front Page"},"content":{"rendered":"<div  id=\"about-1\" style=\"background-color: #f6f6f6;\" data-label=\"About\" data-id=\"about-big-images-section\" data-category=\"about\" class=\"about-big-images-section\"> <div  class=\"gridContainer\"> <div  class=\"about-big-images-textrow\"> <div  class=\"about-big-images-textcol dynamic-color\" data-type=\"column\"> <h5  class=\"\">Qui est Pierre Thibault?<\/h5> <h3  class=\"\">N\u00e9 \u00e0 Sorel, Pierre Thibault a entrepris ses \u00e9tudes de trombone avec&nbsp;<span  href=\"#\" class=\"span25\">Robert Ellis, Joseph Zuskin Pierre&nbsp;ainsi que Beaudry,<\/span>&nbsp;<\/h3>  <a  class=\"button blue big\" href=\"https:\/\/pierre-thibault.com?page_id=2#page-content\" target=\"_self\">En lire plus<\/a> <\/div> <\/div> <\/div> <div  class=\"about-big-images-bottomrow\"> <div  class=\"about-big-images-leftimgcol\"><img  decoding=\"async\" class=\"about-big-images-leftimg\" src=\"https:\/\/pierre-thibault.com\/wp-content\/uploads\/2025\/07\/336414810_6404351169583478_1123944050676090160_n-768x1152-1.jpg\" alt=\"\"> <\/div> <div  class=\"about-big-images-centerimgcol\"><img  decoding=\"async\" class=\"about-big-images-centerimg\" src=\"https:\/\/pierre-thibault.com\/wp-content\/uploads\/2025\/07\/29341415_10155881894226519_1215367504_n-1.jpg\" alt=\"\"> <\/div> <div  class=\"about-big-images-rightimgcol\"><img  decoding=\"async\" class=\"about-big-images-rightimg\" src=\"https:\/\/pierre-thibault.com\/wp-content\/uploads\/2025\/07\/UnityFIJM-1024x767-1.jpg\" alt=\"\"> <\/div> <\/div> <\/div><div  id=\"content-3\" style=\"background-color: #ffffff;\" data-label=\"Content\" data-id=\"content-image-left\" data-category=\"content\" class=\"content-left-image-section\"> <div  class=\"gridContainer\"> <div  class=\"row\"> <div  class=\"content-left-image-imgcol\" data-type=\"column\"> <img  decoding=\"async\" src=\"https:\/\/pierre-thibault.com\/wp-content\/uploads\/2025\/07\/29995232_10155913383881519_791725933_o-1024x683-1.jpg\" class=\"\" alt=\"\"> <\/div> <div  class=\"content-left-image-textcol dynamic-color\" data-type=\"column\"> <h2  class=\"\">Orchestre \u00c9quitable<\/h2> <p  class=\"large_text\">Derni\u00e8res nouvelles :&nbsp;\n<br ><br >\nConcert : Le Monde de Disney&nbsp;\n<br >-Le 15 d\u00e9cembre 2024<\/p> <a  class=\"button blue\" href=\"https:\/\/orchestreequitable.com\" target=\"_self\"> Notre site web <\/a> <\/div> <\/div> <\/div> <\/div><div  id=\"content-4\" style=\"background-color: #f6f6f6;\" data-label=\"Content\" data-id=\"content-image-right\" data-category=\"content\" class=\"content-right-image-section\"> <div  class=\"gridContainer\"> <div  class=\"content-right-image-gridcol\"> <div  class=\"content-right-image-textcol dynamic-color\" data-type=\"column\"> <h2  class=\"\">En action<\/h2>  <a  class=\"button blue\" href=\"https:\/\/www.youtube.com\/@pierrethibault2344\" target=\"_blank\"> \u00c9couter ici <\/a> <\/div> <div  class=\"content-right-image-imgcol\" data-type=\"column\">  <a  href=\"https:\/\/youtu.be\/7XnMoDpzFo8\" class=\"\" target=\"_self\"><\/a><img decoding=\"async\"  class=\"custom-image\" src=\"https:\/\/pierre-thibault.com\/wp-content\/uploads\/2025\/07\/29995371_10155913383886519_1907152094_o-1024x683-1.jpg\" alt=\"\"><\/div> <\/div> <\/div> <\/div><div  id=\"testimonials-1\" style=\"background-color: #f6f6f6;\" data-label=\"Testimonials\" data-id=\"testimonials-boxed-section\" data-category=\"testimonials\" class=\"testimonials-boxed-section\"> <div  class=\"gridContainer\"> <div  class=\"testimonials-boxed-textcol dynamic-color\" data-type=\"column\"> <h2  class=\"\">T\u00e9moignages<\/h2>  <\/div> <div  class=\"testimonials-boxed-itemsrow dark-text\" data-type=\"row\"> <div  class=\"testimonials-boxed-itemcol cp4cols cp6cols-tablet\"> <div  class=\"testimonials-boxed-itemcard\" data-type=\"column\"> <h4  class=\"testimonials-boxed-itemtext\">\u201cPierre fut l\u2019un de mes premiers \u00e9l\u00e8ves en trombone lorsque j\u2019enseignais au Conservatoire de musique de Trois-Rivi\u00e8res et j\u2019en \u00e9tais fier. Il avait un immense talent avec un son remarquable.<br >Plus tard, il d\u00e9cida de se sp\u00e9cialiser comme chef et professeur sp\u00e9cialis\u00e9 en musique. J\u2019ai \u00e9t\u00e9 tr\u00e8s surpris le jour ou j\u2019ai appris qu\u2019il venait de se joindre au d\u00e9partement de musique du coll\u00e8ge Sainte-Anne de Lachine. Je me doutais que cela allait \u00eatre une t\u00e2che exigeante. Mais ce ne fut pas long que le d\u00e9partement et ses \u00e9l\u00e8ves se soient d\u00e9marqu\u00e9s dans le milieu musical. Ils ont particip\u00e9 \u00e0 plusieurs festivals, dont le Festival de jazz de Montr\u00e9al, ils ont gagn\u00e9 des concours \u00e9galement.<br ><br >En ce moment, un de mes meilleurs \u00e9l\u00e8ves \u00e0 l\u2019Universit\u00e9 McGill vient justement du d\u00e9partement de musique du Coll\u00e8ge Sainte-Anne. Une preuve du bon travail qu\u2019il a effectu\u00e9 au fil des ans. J\u2019ai eu l\u2019opportunit\u00e9 de voir Pierre en action avec ses \u00e9l\u00e8ves en musique. Je l\u2019ai vu travailler avec minutie et diligence, ayant le respect de ses \u00e9l\u00e8ves en les encadrant d\u2019une fa\u00e7on exemplaire, aspect primordial \u00e0 la r\u00e9ussite.\u201d<br ><br >-Pierre Beaudry<br ><br >Tromboniste basse solo de l\u2019Orchestre Symphonique de Montr\u00e9al<br ><br >Professeur de trombone \u00e0 l\u2019Universit\u00e9 McGill<br ><br >Professeur de Tuba et Euphonium au Conservatoire de musique de Montr\u00e9al<\/h4>  <h6  class=\"testimonials-boxed-itempos\"><\/h6> <\/div> <\/div> <div  class=\"testimonials-boxed-itemcol cp4cols cp6cols-tablet\"> <div  class=\"testimonials-boxed-itemcard\" data-type=\"column\"> <h4  class=\"testimonials-boxed-itemtext\">\u201cJe connais M.Thibault depuis plus de 30 ans. Il est dipl\u00f4m\u00e9 du conservatoire de musique du Qu\u00e9bec \u00e0 Trois-Rivi\u00e8res en interpr\u00e9tation et en musique de chambre. Il a aussi r\u00e9ussi avec brio les examens des mati\u00e8res th\u00e9oriques requises. Monsieur Thibault est devenu par la suite, un des meilleurs trombonistes au Qu\u00e9bec. J\u2019ai souvent eu l\u2019occasion de travailler avec M.Thibault.<br >Il a jou\u00e9 \u00e0 plusieurs reprises sous ma direction. J\u2019ai toujours appr\u00e9ci\u00e9 son talent ainsi que son grand sens du professionnalisme.<br ><br >Par la suite, Monsieur Thibault s\u2019est d\u00e9couvert une passion, l\u2019enseignement de la musique aupr\u00e8s de nos jeunes. Il a mis sur pieds le d\u00e9partement de musique du coll\u00e8ge Sainte-Anne de Lachine. Il est aussi devenu le chef d\u2019orchestre des divers ensembles de cette belle \u00e9cole, l\u2019harmonie, le stage band, la chorale, etc. Il est \u00e9vident pour moi que M.Thibault est devenu, en tr\u00e8s peu de temps, un des meilleurs professeurs de musique au secondaire du Qu\u00e9bec. Il a d\u2019ailleurs remport\u00e9 avec ses ensembles, \u00e0 plusieurs reprises, des prix \u00e0 diff\u00e9rents concours au Qu\u00e9bec comme \u00e0 l\u2019ext\u00e9rieur.<br ><br >M.Thibault poss\u00e8de un sens du leadership naturel aupr\u00e8s des jeunes musiciens. Il a aussi montr\u00e9 une belle technique de direction d\u2019orchestre. Je pense qu\u2019il poss\u00e8de les atouts n\u00e9cessaires pour atteindre ses objectifs de former un orchestre symphonique. Il est un musicien accompli et poss\u00e8de beaucoup d\u2019exp\u00e9rience de la sc\u00e8ne et du milieu musical au Qu\u00e9bec. Son sens de l\u2019organisation me fait \u00e9galement penser qu\u2019il poss\u00e8de ce qu\u2019il faut pour r\u00e9ussir.\u201d<br ><br >-St\u00e9phane Laforest,<br ><br >Directeur artistique et chef d\u2019orchestre,<br ><br >Orchestre Symphonique de Sherbrooke,<br ><br >Orchestre La Sinfonia de Lanaudi\u00e8re<\/h4>   <\/div> <\/div> <div  class=\"testimonials-boxed-itemcol cp4cols cp6cols-tablet\"> <div  class=\"testimonials-boxed-itemcard\" data-type=\"column\"> <h4  class=\"testimonials-boxed-itemtext\">Je connais monsieur Thibault depuis plus de trente ans et je connais tr\u00e8s bien ses talents de musicien et de p\u00e9dagogue.<br >Apr\u00e8s ses \u00e9tudes au conservatoire, sa carri\u00e8re de tromboniste l\u2019a men\u00e9 \u00e0 faire partie d\u2019importants ensembles.<br ><br >Il fut membre de l\u2019orchestre symphonique de Laval, dont je suis pr\u00e9sentement le directeur artistique.<br ><br >Son jeu fut toujours d\u2019un tr\u00e8s grand niveau professionnel et ceci est tr\u00e8s important pour sa seconde carri\u00e8re, c\u2019est \u00e0 dire, l\u2019enseignement et la direction d\u2019ensembles au niveau secondaire.<br ><br >J\u2019ai pu constater en personne son travail exemplaire et inspir\u00e9 avec les \u00e9l\u00e8ves du coll\u00e8ge Saint-Anne de Lachine. Il ne m\u00e9nage pas les heures et les efforts pour partager ses connaissances et donner une confiance inestimable \u00e0 ses \u00e9l\u00e8ves. Son parcours, jalonn\u00e9 de nombreux succ\u00e8s, fut une gloire pour son institution et forgea une grande quantit\u00e9 de jeunes confiants et productifs pour notre collectivit\u00e9.\u201d<br ><br >-Alain Trudel<br ><br >Directeur artistique, Toledo Symphony Orchestra, Ohio, USA Directeur Artistique, Orchestre symphonique de Laval<br ><br >Premier Chef invit\u00e9 et conseiller artistique, Orchestre Symphonique d\u2019Ottawa<br ><br >Premier Chef concerts familles et \u00e9ducatifs : Orchestre du centre national des arts<\/h4>   <\/div> <\/div> <\/div> <\/div><\/div><div  data-label=\"Portfolio\" data-id=\"portfolio-full-section\" data-category=\"portfolio\" id=\"portfolio-2\" class=\"portfolio-full-section\" style=\"background-color: rgb(255, 255, 255);\"> <div  class=\"portfolio-full-section\" data-type=\"row\"> <div  class=\"portfolio-full-projectco cp4cols-tablet cp6cols\"> <div  class=\"contentswap-effect ContentSwap103\" hover-fx=\"ContentSwap103\" id=\"ContentSwap103\"> <div  class=\"ContentSwap103_content initial-image\"><img decoding=\"async\"  class=\"portfolio-full-projectimg\" data-size=\"1200x800\" src=\"https:\/\/pierre-thibault.com\/wp-content\/uploads\/2025\/07\/cropped-cropped-29340800_10155881894246519_144334269_n.jpg\"> <\/div> <div  class=\"overlay\" style=\"display: block; opacity: 1;\"><\/div> <div  class=\"swap-inner\" style=\"opacity: 1; display: block;\"> <div  class=\"ContentSwap103-center\"> <h4  class=\"protfolio-full-itemtitle\">T\u00e9l\u00e9chargez mon CV<\/h4><a  class=\"button yellow\" href=\"#\" target=\"_self\">ICI<\/a> <\/div> <\/div> <\/div> <\/div>  <div  class=\"portfolio-full-projectco cp4cols-tablet cp6cols\"> <div  class=\"contentswap-effect ContentSwap103\" hover-fx=\"ContentSwap103\" id=\"ContentSwap103\"> <div  class=\"ContentSwap103_content initial-image\"><img decoding=\"async\"  class=\"portfolio-full-projectimg\" data-size=\"1200x800\" src=\"https:\/\/pierre-thibault.com\/wp-content\/uploads\/2025\/07\/cropped-29995232_10155913383881519_791725933_o-1024x683-1.jpg\"> <\/div> <div  class=\"overlay\" style=\"display: block; opacity: 1;\"><\/div> <div  class=\"swap-inner\" style=\"opacity: 1; display: block;\"> <div  class=\"ContentSwap103-center\"> <h4  class=\"protfolio-full-itemtitle\">Pour me rejoindre<\/h4><a  class=\"button yellow\" href=\"mailto:pierre.thibault4@videotron.ca\" target=\"_self\">Envoyez un courriel<\/a> <\/div> <\/div> <\/div> <\/div><\/div><\/div>","protected":false},"excerpt":{"rendered":"<p>Qui est Pierre Thibault? N\u00e9 \u00e0 Sorel, Pierre Thibault a entrepris ses \u00e9tudes de trombone avec&nbsp;Robert Ellis, Joseph Zuskin Pierre&nbsp;ainsi que Beaudry,&nbsp; En lire plus Orchestre \u00c9quitable Derni\u00e8res nouvelles :&nbsp; Concert : Le Monde de Disney&nbsp; -Le 15 d\u00e9cembre 2024 Notre site web En action \u00c9couter ici T\u00e9moignages \u201cPierre fut l\u2019un de mes premiers \u00e9l\u00e8ves&hellip; <br \/> <a class=\"button small blue\" href=\"https:\/\/pierre-thibault.com\/?p=1\">Read more<\/a><\/p>\n","protected":false},"author":1,"featured_media":0,"parent":0,"menu_order":0,"comment_status":"closed","ping_status":"closed","template":"","meta":{"footnotes":""},"class_list":["post-6","page","type-page","status-publish","hentry"],"jetpack_sharing_enabled":true,"_links":{"self":[{"href":"https:\/\/pierre-thibault.com\/index.php?rest_route=\/wp\/v2\/pages\/6","targetHints":{"allow":["GET"]}}],"collection":[{"href":"https:\/\/pierre-thibault.com\/index.php?rest_route=\/wp\/v2\/pages"}],"about":[{"href":"https:\/\/pierre-thibault.com\/index.php?rest_route=\/wp\/v2\/types\/page"}],"author":[{"embeddable":true,"href":"https:\/\/pierre-thibault.com\/index.php?rest_route=\/wp\/v2\/users\/1"}],"replies":[{"embeddable":true,"href":"https:\/\/pierre-thibault.com\/index.php?rest_route=%2Fwp%2Fv2%2Fcomments&post=6"}],"version-history":[{"count":10,"href":"https:\/\/pierre-thibault.com\/index.php?rest_route=\/wp\/v2\/pages\/6\/revisions"}],"predecessor-version":[{"id":70,"href":"https:\/\/pierre-thibault.com\/index.php?rest_route=\/wp\/v2\/pages\/6\/revisions\/70"}],"wp:attachment":[{"href":"https:\/\/pierre-thibault.com\/index.php?rest_route=%2Fwp%2Fv2%2Fmedia&parent=6"}],"curies":[{"name":"wp","href":"https:\/\/api.w.org\/{rel}","templated":true}]}}