{"id":2,"date":"2025-07-19T03:01:24","date_gmt":"2025-07-19T03:01:24","guid":{"rendered":"https:\/\/pierre-thibault.com\/?page_id=2"},"modified":"2025-07-19T03:35:19","modified_gmt":"2025-07-19T03:35:19","slug":"sample-page","status":"publish","type":"page","link":"https:\/\/pierre-thibault.com\/?page_id=2","title":{"rendered":"Biographie"},"content":{"rendered":"\n<p>N\u00e9 \u00e0 Sorel, Pierre Thibault a entrepris ses \u00e9tudes de trombone avec Robert Ellis, Joseph Zuskin ainsi que Pierre Beaudry, trombone basse de l\u2019OSM, au Conservatoire de musique du Qu\u00e9bec \u00e0 Trois- Rivi\u00e8res o\u00f9 il a obtenu en 1988 un premier prix de musique de chambre ainsi qu\u2019un deuxi\u00e8me prix de trombone en 1989. Il a \u00e9t\u00e9 trombone solo de l\u2019Orchestre Symphonique de Trois-Rivi\u00e8res, deuxi\u00e8me trombone avec l\u2019Orchestre Symphonique de Laval et l\u2019Orchestre Symphonique de la Mont\u00e9r\u00e9gie. Il a jou\u00e9 \u00e9galement avec tous les ensembles de la r\u00e9gion M\u00e9tropolitaine dont l&#8217;OSM, le Vic Vogel Band, Denis Christianson Band et plusieurs autres. Il a \u00e9galement particip\u00e9 aux deux premi\u00e8res tourn\u00e9es d\u2019Helmut Lottie. P\u00e9dagogue \u00e9m\u00e9rite, il a enseign\u00e9 \u00e0 l\u2019\u00e9cole Joseph-Fran\u00e7ois Perrault, Polyjeunesse, St-Luc , Cur\u00e9-Antoine-Labelle et au Coll\u00e8ge Beaubois. \u00c0 Joseph-Fran\u00e7ois Perrault, il aida \u00e0 la confection du programme de musique de la concentration. En 2017, il a re\u00e7u le prix de l\u2019enseignant de l\u2019ann\u00e9e par la F\u00e9d\u00e9ration des Harmonies et Orchestres Symphoniques du Qu\u00e9bec (FHOSQ). Pierre Thibault est r\u00e9put\u00e9 pour son \u00e9nergie, sa technique d\u2019une extr\u00eame pr\u00e9cision et son style passionn\u00e9, \u00e9mouvant et profond\u00e9ment engag\u00e9. Il fut invit\u00e9 en 2010 \u00e0 diriger \u00a8the Honor Band s\u00e9nior\u00a8 qui regroupait les meilleurs \u00e9l\u00e8ves des commissions scolaires anglophones. En 2012, il dirigea le Royal 22e R\u00e9giment de Qu\u00e9bec lors d&#8217;une activit\u00e9 sp\u00e9ciale organis\u00e9e pour les chefs d&#8217;orchestre civils. Pr\u00e9sentement, M. Thibault est directeur musical de l&#8217;Orchestre Phiharmonique \u00c9quitable. Il a \u00e9galement \u00e9t\u00e9 directeur musical et enseignant de la concentration musique du coll\u00e8ge Sainte-Anne de Lachine de 2003 \u00e0 2022. Il dirige r\u00e9guli\u00e8rement les ensembles communautaires de plusieurs villes. Il croit fermement que la discipline et la rigueur doivent se doubler d\u2019une action p\u00e9dagogique afin de former les prochaines g\u00e9n\u00e9rations de musiciens en faisant vivre des exp\u00e9riences enrichissantes. Il fonde l&#8217;Ensemble de jazz du CSA qui a eu l&#8217;honneur de se produire sur la sc\u00e8ne du fameux Festival Internationnal de Jazz de Montr\u00e9al \u00e0 huit reprises. Lors du 10e anniversaire de la concentration, ses \u00e9l\u00e8ves ont fait une prestation \u00e0 la Maison Symphonique de Montr\u00e9al.<br>Pr\u00e9sentement, il est directeur musical et artistique de l\u2019orchestre Philharmonique \u00c9quitable, de Unity Jazz Band qu\u2019il a fond\u00e9 en septembre 2023 ainsi que de l\u2019Orchestre d\u2019Harmonie Leonardo da Vinci.<\/p>\n","protected":false},"excerpt":{"rendered":"<p>N\u00e9 \u00e0 Sorel, Pierre Thibault a entrepris ses \u00e9tudes de trombone avec Robert Ellis, Joseph Zuskin ainsi que Pierre Beaudry, trombone basse de l\u2019OSM, au Conservatoire de musique du Qu\u00e9bec \u00e0 Trois- Rivi\u00e8res o\u00f9 il a obtenu en 1988 un premier prix de musique de chambre ainsi qu\u2019un deuxi\u00e8me prix de trombone en 1989. Il&hellip; <br \/> <a class=\"button small blue\" href=\"https:\/\/pierre-thibault.com\/?page_id=2\">Read more<\/a><\/p>\n","protected":false},"author":1,"featured_media":10,"parent":0,"menu_order":0,"comment_status":"closed","ping_status":"open","template":"","meta":{"footnotes":""},"class_list":["post-2","page","type-page","status-publish","has-post-thumbnail","hentry"],"jetpack_sharing_enabled":true,"_links":{"self":[{"href":"https:\/\/pierre-thibault.com\/index.php?rest_route=\/wp\/v2\/pages\/2","targetHints":{"allow":["GET"]}}],"collection":[{"href":"https:\/\/pierre-thibault.com\/index.php?rest_route=\/wp\/v2\/pages"}],"about":[{"href":"https:\/\/pierre-thibault.com\/index.php?rest_route=\/wp\/v2\/types\/page"}],"author":[{"embeddable":true,"href":"https:\/\/pierre-thibault.com\/index.php?rest_route=\/wp\/v2\/users\/1"}],"replies":[{"embeddable":true,"href":"https:\/\/pierre-thibault.com\/index.php?rest_route=%2Fwp%2Fv2%2Fcomments&post=2"}],"version-history":[{"count":1,"href":"https:\/\/pierre-thibault.com\/index.php?rest_route=\/wp\/v2\/pages\/2\/revisions"}],"predecessor-version":[{"id":20,"href":"https:\/\/pierre-thibault.com\/index.php?rest_route=\/wp\/v2\/pages\/2\/revisions\/20"}],"wp:featuredmedia":[{"embeddable":true,"href":"https:\/\/pierre-thibault.com\/index.php?rest_route=\/wp\/v2\/media\/10"}],"wp:attachment":[{"href":"https:\/\/pierre-thibault.com\/index.php?rest_route=%2Fwp%2Fv2%2Fmedia&parent=2"}],"curies":[{"name":"wp","href":"https:\/\/api.w.org\/{rel}","templated":true}]}}